{"id":11938,"date":"2018-08-03T08:06:05","date_gmt":"2018-08-03T08:06:05","guid":{"rendered":"https:\/\/tomaszgrudzien.com\/profile\/"},"modified":"2026-03-13T18:04:05","modified_gmt":"2026-03-13T18:04:05","slug":"profil","status":"publish","type":"page","link":"https:\/\/tomaszgrudzien.com\/pl\/profil\/","title":{"rendered":"Profil"},"content":{"rendered":"<p>[vc_row full_width=&#8221;stretch_row&#8221; css=&#8221;.vc_custom_1560236856371{padding-bottom: 50px !important;background-position: center !important;background-repeat: no-repeat !important;background-size: cover !important;}&#8221;][vc_column css_animation=&#8221;fadeInLeft&#8221;][vc_row_inner gap=&#8221;35&#8243;][vc_column_inner width=&#8221;1\/3&#8243;][vc_single_image image=&#8221;11941&#8243; img_size=&#8221;full&#8221; el_class=&#8221;themestek-img-shadow&#8221;][\/vc_column_inner][vc_column_inner width=&#8221;2\/3&#8243;][vc_column_text css=&#8221;.vc_custom_1580988776808{margin-bottom: 0px !important;padding-bottom: 0px !important;}&#8221;]<strong>Co sprawia, \u017ce \u200b\u200bjestem dobrym wyborem dla Twojej firmy?<\/strong>[\/vc_column_text]<div class=\"themestek-element-heading-wrapper themestek-heading-inner themestek-element-align-left themestek-seperator-none \"><section class=\"themestek-vc_cta3-container\"><div class=\"themestek-vc_general themestek-vc_cta3 themestek-cta3-only themestek-vc_cta3-style-classic themestek-vc_cta3-shape-rounded themestek-vc_cta3-align-left themestek-vc_cta3-color-transparent themestek-vc_cta3-icon-size-md themestek-vc_cta3-actions-no themestek-cta3-without-desc\"><div class=\"themestek-vc_cta3_content-container\"><div class=\"themestek-vc_cta3-content\"><div class=\"themestek-vc_cta3-content-header themestek-wrap\"><div class=\"themestek-vc_cta3-headers themestek-wrap-cell\"><h2 class=\"themestek-custom-heading \" >Tomasz Grudzie\u0144<\/h2>\n<\/div><\/div><\/div><\/div><\/div><\/section><\/div> <!-- .themestek-element-heading-wrapper container --> [vc_column_text css=&#8221;.vc_custom_1773424878485{padding-bottom: 25px !important;}&#8221;]Profesjonalny i wykwalifikowany t\u0142umacz ustny i pisemny z j\u0119zyka angielskiego na polski i odwrotnie.<\/p>\n<p>Po uko\u0144czeniu studi\u00f3w licencjackich z zakresu nauk politycznych w 2007 roku w Polsce rozpocz\u0105\u0142em swoj\u0105 przygod\u0119 j\u0119zykow\u0105 jako t\u0142umacz biznesowy w Izbie Handlowej dla Luton i Bedfordshire, zanim podj\u0105\u0142em d\u0142ugoterminowe stanowisko konsultanta biznesowego w mojej w\u0142asnej firmie T&amp;T. Funkcj\u0119 konsultanta biznesowego pe\u0142ni\u0142em przez dziewi\u0119\u0107 lat. W tym okresie kontynuowa\u0142em r\u00f3wnie\u017c edukacje w dziedzinie zarz\u0105dzania przedsi\u0119biorstwami oraz uzyska\u0142em certyfikat \u201ePrince2 Passport\u201d w zakresie zarz\u0105dzania projektami biznesowymi.<\/p>\n<p>W 2014 roku rozpocz\u0105\u0142em prac\u0119 jako niezale\u017cny t\u0142umacz ustny i pisemny specjalizuj\u0105c si\u0119 w prawie i biznesie. Wykorzystuj\u0105c techniki t\u0142umaczenia konsekutywnego oraz symultanicznego, t\u0142umaczy\u0142em z j\u0119zyka angielskiego na polski i odwrotnie podczas post\u0119powa\u0144 s\u0105dowych, dla organ\u00f3w egzekucyjnych, kancelarii prawnych, instytucji rz\u0105dowych oraz komercyjnych, a tak\u017ce dla wszystkich podmiot\u00f3w \u015bwiadcz\u0105cych us\u0142ugi opieki zdrowotnej w Anglii i Szkocji.<\/p>\n<p>Trzy lata p\u00f3\u017aniej uzyska\u0142em Dyplom T\u0142umacza w Us\u0142ugach Publicznych ze specjalizacji prawa angielskiego w Instytucie Dyplomowanych J\u0119zykoznawc\u00f3w (CIOL). Nast\u0119pnie uko\u0144czy\u0142em serie kurs\u00f3w doskonal\u0105cych moj\u0105 wiedz\u0119 z zakresu zarz\u0105dzania finansami i praktyk ksi\u0119gowych, zdobywaj\u0105c certyfikaty oraz kolejny dyplom z ksi\u0119gowo\u015bci i rachunkowo\u015bci w Instytucie Bieg\u0142ych Ksi\u0119gowych.[\/vc_column_text][\/vc_column_inner][\/vc_row_inner][vc_column_text css=&#8221;.vc_custom_1745619234312{padding-bottom: 25px !important;}&#8221;]Jestem dumnym absolwentem programu magisterskich studi\u00f3w translatorycznych na presti\u017cowym Uniwersytecie w Birmingham, stale plasuj\u0105cym si\u0119 na li\u015bcie 100 najlepszych uniwersytet\u00f3w na \u015bwiecie. Ta wzbogacaj\u0105ca podr\u00f3\u017c akademicka rozwin\u0119\u0142a moj\u0105 wiedz\u0119 w zakresie subtelno\u015bci j\u0119zykowych, \u015bwiadomo\u015bci kulturowej i najnowocze\u015bniejszych metodologii t\u0142umacze\u0144. Wyposa\u017cony w te bezcenne umiej\u0119tno\u015bci i specjalistyczn\u0105 wiedz\u0119, z pasj\u0105 prze\u0142amuj\u0119 bariery j\u0119zykowe i wspieram p\u0142ynn\u0105 komunikacj\u0119 w zr\u00f3\u017cnicowanych \u015brodowiskach mi\u0119dzynarodowych.<\/p>\n<p>Posiadam r\u00f3wnie\u017c podw\u00f3jne obywatelstwo, polskie i brytyjskie, poniewa\u017c czuj\u0119 si\u0119 tak samo rodowitym brytyjczykiem, jak i polakiem. To poczucie patriotyzmu wobec obu kraj\u00f3w z pewno\u015bci\u0105 znajduje odzwierciedlenie w mojej pracy jako j\u0119zykoznawcy, poniewa\u017c pasja i wrodzona znajomo\u015b\u0107 tych dw\u00f3ch kultur jest cz\u0119sto obecna w ka\u017cdym realizowanym projekcie.<\/p>\n<p>W ci\u0105gu dziesi\u0119ciu lat pracy zawodowej wsp\u00f3\u0142pracowa\u0142em z renomowanymi firmami t\u0142umaczeniowymi przy r\u00f3\u017cnych projektach dla r\u00f3\u017cnych instytucji rz\u0105dowych i komercyjnych, a tak\u017ce dla wielu kancelarii prawnych oraz plac\u00f3wek s\u0142u\u017cby zdrowia, zar\u00f3wno publicznych, jak i prywatnych w Zjednoczonym Kr\u00f3lestwie. Do\u015bwiadczenie to pozwoli\u0142o mi udoskonali\u0107 umiej\u0119tno\u015bci j\u0119zykowe oraz g\u0142\u0119biej zrozumie\u0107 potrzeby moich klient\u00f3w.<\/p>\n<h4>By\u0142by to dla mnie zaszczyt m\u00f3c wsp\u00f3\u0142pracowa\u0107 nast\u0119pnie z Tob\u0105&#8230;<\/h4>\n<p>[\/vc_column_text][\/vc_column][\/vc_row][vc_row themestek_bgcolor=&#8221;grey&#8221; full_width=&#8221;stretch_row&#8221; css=&#8221;.vc_custom_1572349460746{padding-bottom: 70px !important;background-color: #f8f8f8 !important;}&#8221;][vc_column css_animation=&#8221;fadeInDown&#8221;]<div class=\"themestek-element-heading-wrapper themestek-heading-inner themestek-element-align-center themestek-seperator-none \"><section class=\"themestek-vc_cta3-container\"><div class=\"themestek-vc_general themestek-vc_cta3 themestek-cta3-only themestek-vc_cta3-style-classic themestek-vc_cta3-shape-rounded themestek-vc_cta3-align-center themestek-vc_cta3-color-transparent themestek-vc_cta3-icon-size-md themestek-vc_cta3-actions-no themestek-cta3-without-desc\"><div class=\"themestek-vc_cta3_content-container\"><div class=\"themestek-vc_cta3-content\"><div class=\"themestek-vc_cta3-content-header themestek-wrap\"><div class=\"themestek-vc_cta3-headers themestek-wrap-cell\"><h4 class=\"themestek-custom-heading \" >Profesjonalny t\u0142umacz ustny i pisemny dla Twojego biznesu<\/h4>\n<h2 class=\"themestek-custom-heading \" >Moje specjalizacje<\/h2>\n<\/div><\/div><\/div><\/div><\/div><\/section><\/div> <!-- .themestek-element-heading-wrapper container --> [\/vc_column][vc_column css_animation=&#8221;fadeInDown&#8221; width=&#8221;1\/3&#8243;]<div class=\"themestek-vc_icon_element themestek-vc_icon_element-outer themestek-vc_icon_element-align-left \"><div class=\"themestek-vc_icon_element-inner  themestek-vc_icon_element-color-custom themestek-vc_icon_element-size-xl themestek-vc_icon_element-style- themestek-vc_icon_element-background-color-grey\" ><span class=\"themestek-vc_icon_element-icon fa fa-microphone\" style=\"color:#345696 !important\"><\/span><\/div><\/div><div class=\"themestek-element-heading-wrapper themestek-heading-inner themestek-element-align-left themestek-seperator-none \"><section class=\"themestek-vc_cta3-container\"><div class=\"themestek-vc_general themestek-vc_cta3 themestek-cta3-only themestek-vc_cta3-style-classic themestek-vc_cta3-shape-rounded themestek-vc_cta3-align-left themestek-vc_cta3-color-transparent themestek-vc_cta3-icon-size-md themestek-vc_cta3-actions-no themestek-cta3-with-desc\"><div class=\"themestek-vc_cta3_content-container\"><div class=\"themestek-vc_cta3-content\"><div class=\"themestek-vc_cta3-content-header themestek-wrap\"><div class=\"themestek-vc_cta3-headers themestek-wrap-cell\"><h2 style=\"font-size:22px;line-height:30px;\" class=\"themestek-custom-heading \" >T\u0142umaczenia ustne<\/h2>\n<\/div><\/div><div class=\"themestek-cta3-content-wrapper\">\n<p style=\"margin-bottom: -28px;\">(symultaniczne, konsekutywne, zdalne i \u0142\u0105cznikowe)<\/p>\n<p><\/div><\/div><\/div><\/div><\/section><\/div> <!-- .themestek-element-heading-wrapper container --> <ul class=\"themestek-list themestek-list-style-icon themestek-list-icon-color-skincolor themestek- themestek-icon-skincolor themestek-list-textsize- themestek-list-icon-library-fontawesome\"><li><i class=\"themestek-skincolor fa fa-check\"><\/i>  <span class=\"themestek-list-li-content\">Prawo<\/span><\/li><li><i class=\"themestek-skincolor fa fa-check\"><\/i>  <span class=\"themestek-list-li-content\">Biznes<\/span><\/li><li><i class=\"themestek-skincolor fa fa-check\"><\/i>  <span class=\"themestek-list-li-content\">Finanse<\/span><\/li><li><i class=\"themestek-skincolor fa fa-check\"><\/i>  <span class=\"themestek-list-li-content\">Us\u0142ugi Publiczne<\/span><\/li><\/ul>[vc_empty_space height=&#8221;50px&#8221;][\/vc_column][vc_column css_animation=&#8221;fadeInDown&#8221; width=&#8221;1\/3&#8243;]<div class=\"themestek-vc_icon_element themestek-vc_icon_element-outer themestek-vc_icon_element-align-left \"><div class=\"themestek-vc_icon_element-inner  themestek-vc_icon_element-color-custom themestek-vc_icon_element-size-xl themestek-vc_icon_element-style- themestek-vc_icon_element-background-color-grey\" ><span class=\"themestek-vc_icon_element-icon fa fa-language\" style=\"color:#345696 !important\"><\/span><\/div><\/div><div class=\"themestek-element-heading-wrapper themestek-heading-inner themestek-element-align-left themestek-seperator-none \"><section class=\"themestek-vc_cta3-container\"><div class=\"themestek-vc_general themestek-vc_cta3 themestek-cta3-only themestek-vc_cta3-style-classic themestek-vc_cta3-shape-rounded themestek-vc_cta3-align-left themestek-vc_cta3-color-transparent themestek-vc_cta3-icon-size-md themestek-vc_cta3-actions-no themestek-cta3-with-desc\"><div class=\"themestek-vc_cta3_content-container\"><div class=\"themestek-vc_cta3-content\"><div class=\"themestek-vc_cta3-content-header themestek-wrap\"><div class=\"themestek-vc_cta3-headers themestek-wrap-cell\"><h2 style=\"font-size:22px;line-height:30px;\" class=\"themestek-custom-heading \" >T\u0142umaczenia Pisemne<\/h2>\n<\/div><\/div><div class=\"themestek-cta3-content-wrapper\"><p>(zwyk\u0142e i uwierzytelnione)<\/p><\/div><\/div><\/div><\/div><\/section><\/div> <!-- .themestek-element-heading-wrapper container --> <ul class=\"themestek-list themestek-list-style-icon themestek-list-icon-color-skincolor themestek- themestek-icon-skincolor themestek-list-textsize- themestek-list-icon-library-fontawesome\"><li><i class=\"themestek-skincolor fa fa-check\"><\/i>  <span class=\"themestek-list-li-content\">Prawo<\/span><\/li><li><i class=\"themestek-skincolor fa fa-check\"><\/i>  <span class=\"themestek-list-li-content\">Biznes i Finanse<\/span><\/li><li><i class=\"themestek-skincolor fa fa-check\"><\/i>  <span class=\"themestek-list-li-content\">Ksi\u0119gowo\u015b\u0107 i Rachunkowo\u015b\u0107<\/span><\/li><li><i class=\"themestek-skincolor fa fa-check\"><\/i>  <span class=\"themestek-list-li-content\">Marketing i Komunikacja Rynkowa<\/span><\/li><li><i class=\"themestek-skincolor fa fa-check\"><\/i>  <span class=\"themestek-list-li-content\">Technologia i Informatyka<\/span><\/li><\/ul>[vc_empty_space height=&#8221;50px&#8221;][\/vc_column][vc_column css_animation=&#8221;fadeInDown&#8221; width=&#8221;1\/3&#8243;][vc_single_image image=&#8221;11965&#8243; img_size=&#8221;full&#8221; el_class=&#8221;themestek-img-shadow&#8221;][\/vc_column][\/vc_row][vc_row themestek_bgcolor=&#8221;grey&#8221; full_width=&#8221;stretch_row&#8221; gap=&#8221;35&#8243; content_placement=&#8221;middle&#8221; css=&#8221;.vc_custom_1575977615935{padding-top: 70px !important;padding-bottom: 70px !important;background-color: #ffffff !important;}&#8221;][vc_column css_animation=&#8221;fadeInDown&#8221; width=&#8221;1\/3&#8243;]<div class=\"themestek-element-heading-wrapper themestek-heading-inner themestek-element-align-left themestek-seperator-none \"><section class=\"themestek-vc_cta3-container\"><div class=\"themestek-vc_general themestek-vc_cta3 themestek-cta3-only themestek-vc_cta3-style-classic themestek-vc_cta3-shape-rounded themestek-vc_cta3-align-left themestek-vc_cta3-color-transparent themestek-vc_cta3-icon-size-md themestek-vc_cta3-actions-no themestek-cta3-without-desc\"><div class=\"themestek-vc_cta3_content-container\"><div class=\"themestek-vc_cta3-content\"><div class=\"themestek-vc_cta3-content-header themestek-wrap\"><div class=\"themestek-vc_cta3-headers themestek-wrap-cell\"><h2 class=\"themestek-custom-heading \" >Dlaczego pracowa\u0107 ze mn\u0105?<\/h2>\n<\/div><\/div><\/div><\/div><\/div><\/section><\/div> <!-- .themestek-element-heading-wrapper container --> [vc_column_text]Je\u015bli chodzi o powa\u017cne tematy, takie jak prawo, biznes i finanse, potrzebujesz kogo\u015b, komu mo\u017cesz zaufa\u0107 i na kim mo\u017cesz za ka\u017cdym razem polega\u0107. \u0179le przet\u0142umaczona rozprawa s\u0105dowa, negocjacje biznesowe lub konsultacja finansowa, mog\u0105 doprowadzi\u0107 do nieprzyjemnych konsekwencji.<\/p>\n<p>Dzi\u0119ki mojej specjalistycznej wiedzy, do\u015bwiadczeniu i punktualno\u015bci, umo\u017cliwi\u0119 Tobie skuteczn\u0105 komunikacj\u0119 ze wszystkimi klientami oraz rozw\u00f3j Twojej firmy.[\/vc_column_text][\/vc_column][vc_column css_animation=&#8221;fadeInDown&#8221; width=&#8221;1\/3&#8243;][vc_single_image image=&#8221;11966&#8243; img_size=&#8221;full&#8221; el_class=&#8221;themestek-img-shadow&#8221;][\/vc_column][vc_column css_animation=&#8221;fadeInDown&#8221; width=&#8221;1\/3&#8243;]<div class=\"themestek-element-heading-wrapper themestek-heading-inner themestek-element-align-left themestek-seperator-none \"><section class=\"themestek-vc_cta3-container\"><div class=\"themestek-vc_general themestek-vc_cta3 themestek-cta3-only themestek-vc_cta3-style-classic themestek-vc_cta3-shape-rounded themestek-vc_cta3-align-left themestek-vc_cta3-color-transparent themestek-vc_cta3-icon-size-md themestek-vc_cta3-actions-no themestek-cta3-without-desc\"><div class=\"themestek-vc_cta3_content-container\"><div class=\"themestek-vc_cta3-content\"><div class=\"themestek-vc_cta3-content-header themestek-wrap\"><div class=\"themestek-vc_cta3-headers themestek-wrap-cell\"><h2 class=\"themestek-custom-heading \" >Zobowi\u0105zuj\u0119 si\u0119 do:<\/h2>\n<\/div><\/div><\/div><\/div><\/div><\/section><\/div> <!-- .themestek-element-heading-wrapper container --> <ul class=\"themestek-list themestek-list-style-icon themestek-list-icon-color-skincolor themestek- themestek-icon-skincolor themestek-list-textsize- themestek-list-icon-library-fontawesome\"><li><i class=\"themestek-skincolor fa fa-check\"><\/i>  <span class=\"themestek-list-li-content\">\u015awiadczenia profesjonalnych i etycznych t\u0142umacze\u0144 pisemnych i ustnych<\/span><\/li><li><i class=\"themestek-skincolor fa fa-check\"><\/i>  <span class=\"themestek-list-li-content\">Dok\u0142adnego zbadania Twojego projektu przed rozpocz\u0119ciem<\/span><\/li><li><i class=\"themestek-skincolor fa fa-check\"><\/i>  <span class=\"themestek-list-li-content\">Wykorzystania mojej specjalistycznej wiedzy, aby zmaksymalizowa\u0107 rozw\u00f3j Twojej firmy<\/span><\/li><li><i class=\"themestek-skincolor fa fa-check\"><\/i>  <span class=\"themestek-list-li-content\">Dotrzymywania termin\u00f3w - jakkolwiek s\u0105 one napi\u0119te<\/span><\/li><li><i class=\"themestek-skincolor fa fa-check\"><\/i>  <span class=\"themestek-list-li-content\">Przeprowadzania szeroko zakrojonych metod zapewniania jako\u015bci<\/span><\/li><li><i class=\"themestek-skincolor fa fa-check\"><\/i>  <span class=\"themestek-list-li-content\">Utrzymania prywatno\u015bci i poufno\u015bci klienta<\/span><\/li><\/ul>[\/vc_column][\/vc_row][vc_row themestek_textcolor=&#8221;white&#8221; full_width=&#8221;stretch_row&#8221; themestek_responsive_css=&#8221;99742813|colbreak_no|||||||||colbreak_no|||||60||||colbreak_no||||||||||colbreak_no|||||||||&#8221; el_class=&#8221;grad&#8221;][vc_column css_animation=&#8221;fadeIn&#8221;]<div class=\"themestek-element-heading-wrapper themestek-heading-inner themestek-element-align-center themestek-seperator-none \"><section class=\"themestek-vc_cta3-container\"><div class=\"themestek-vc_general themestek-vc_cta3 themestek-cta3-only themestek-vc_cta3-style-classic themestek-vc_cta3-shape-rounded themestek-vc_cta3-align-center themestek-vc_cta3-color-transparent themestek-vc_cta3-icon-size-md themestek-vc_cta3-actions-no themestek-cta3-without-desc\"><div class=\"themestek-vc_cta3_content-container\"><div class=\"themestek-vc_cta3-content\"><div class=\"themestek-vc_cta3-content-header themestek-wrap\"><div class=\"themestek-vc_cta3-headers themestek-wrap-cell\"><h2 class=\"themestek-custom-heading \" >Wsp\u00f3\u0142pracuj ze mn\u0105<\/h2>\n<\/div><\/div><\/div><\/div><\/div><\/section><\/div> <!-- .themestek-element-heading-wrapper container --> [vc_column_text]<\/p>\n<p style=\"text-align: center;\">Je\u015bli jeste\u015b zainteresowany aby dowiedzie\u0107 si\u0119 wi\u0119cej o mnie lub moich us\u0142ugach, skontaktuj si\u0119 ze mn\u0105.<\/p>\n<p>[\/vc_column_text]\n\t\t<div class=\"themestek-vc_btn3-container themestek-vc_btn3-center\"><a class=\"themestek-vc_general themestek-vc_btn3 themestek-vc_btn3-size-md themestek-vc_btn3-shape-square themestek-vc_btn3-style-outline themestek-vc_btn3-weight-no themestek-vc_btn3-color-danger\" href=\"https:\/\/tomaszgrudzien.com\/pl\/skontaktuj-sie-ze-mna\/\" title=\"\">Skontaktuj si\u0119 ze mn\u0105<\/a><\/div>[\/vc_column][\/vc_row]<\/p>\n","protected":false},"excerpt":{"rendered":"<p>[vc_row full_width=&#8221;stretch_row&#8221; css=&#8221;.vc_custom_1560236856371{padding-bottom: 50px !important;background-position: center !important;background-repeat: no-repeat !important;background-size: cover !important;}&#8221;][vc_column css_animation=&#8221;fadeInLeft&#8221;][vc_row_inner gap=&#8221;35&#8243;][vc_column_inner width=&#8221;1\/3&#8243;][vc_single_image image=&#8221;11941&#8243; img_size=&#8221;full&#8221; el_class=&#8221;themestek-img-shadow&#8221;][\/vc_column_inner][vc_column_inner width=&#8221;2\/3&#8243;][vc_column_text css=&#8221;.vc_custom_1580988776808{margin-bottom: 0px !important;padding-bottom: 0px !important;}&#8221;]Co sprawia, \u017ce \u200b\u200bjestem dobrym wyborem dla Twojej firmy?[\/vc_column_text][vc_column_text css=&#8221;.vc_custom_1773424878485{padding-bottom: 25px !important;}&#8221;]Profesjonalny i wykwalifikowany t\u0142umacz ustny i pisemny z j\u0119zyka angielskiego na polski i odwrotnie. Po uko\u0144czeniu studi\u00f3w licencjackich z zakresu nauk politycznych &hellip; <a href=\"https:\/\/tomaszgrudzien.com\/pl\/profil\/\" class=\"more-link\">Continue reading <span class=\"screen-reader-text\">Profil<\/span><\/a><\/p>\n","protected":false},"author":1,"featured_media":0,"parent":0,"menu_order":4,"comment_status":"closed","ping_status":"closed","template":"","meta":{"footnotes":""},"class_list":["post-11938","page","type-page","status-publish","hentry"],"yoast_head":"<!-- This site is optimized with the Yoast SEO plugin v27.2 - https:\/\/yoast.com\/product\/yoast-seo-wordpress\/ -->\n<title>Tomasz Grudzie\u0144 - profesjonalny t\u0142umacz j\u0119zyka angielskiego<\/title>\n<meta name=\"description\" content=\"Profesjonalny t\u0142umacz ustny i pisemny dla Twojego biznesu. Moje specjalizacje to prawo, biznes, us\u0142ugi publiczne i marketing. Porozmawiajmy!\" \/>\n<meta name=\"robots\" content=\"index, follow, max-snippet:-1, max-image-preview:large, max-video-preview:-1\" \/>\n<link rel=\"canonical\" href=\"https:\/\/tomaszgrudzien.com\/pl\/profil\/\" \/>\n<meta property=\"og:locale\" content=\"pl_PL\" \/>\n<meta property=\"og:type\" content=\"article\" \/>\n<meta property=\"og:title\" content=\"Tomasz Grudzie\u0144 - profesjonalny t\u0142umacz j\u0119zyka angielskiego\" \/>\n<meta property=\"og:description\" content=\"Profesjonalny t\u0142umacz ustny i pisemny dla Twojego biznesu. Moje specjalizacje to prawo, biznes, us\u0142ugi publiczne i marketing. Porozmawiajmy!\" \/>\n<meta property=\"og:url\" content=\"https:\/\/tomaszgrudzien.com\/pl\/profil\/\" \/>\n<meta property=\"og:site_name\" content=\"Tomasz Grudzie\u0144\" \/>\n<meta property=\"article:modified_time\" content=\"2026-03-13T18:04:05+00:00\" \/>\n<meta name=\"twitter:card\" content=\"summary_large_image\" \/>\n<meta name=\"twitter:label1\" content=\"Szacowany czas czytania\" \/>\n\t<meta name=\"twitter:data1\" content=\"3 minuty\" \/>\n<script type=\"application\/ld+json\" class=\"yoast-schema-graph\">{\"@context\":\"https:\/\/schema.org\",\"@graph\":[{\"@type\":\"WebPage\",\"@id\":\"https:\/\/tomaszgrudzien.com\/pl\/profil\/\",\"url\":\"https:\/\/tomaszgrudzien.com\/pl\/profil\/\",\"name\":\"Tomasz Grudzie\u0144 - profesjonalny t\u0142umacz j\u0119zyka angielskiego\",\"isPartOf\":{\"@id\":\"https:\/\/tomaszgrudzien.com\/#website\"},\"datePublished\":\"2018-08-03T08:06:05+00:00\",\"dateModified\":\"2026-03-13T18:04:05+00:00\",\"description\":\"Profesjonalny t\u0142umacz ustny i pisemny dla Twojego biznesu. Moje specjalizacje to prawo, biznes, us\u0142ugi publiczne i marketing. Porozmawiajmy!\",\"breadcrumb\":{\"@id\":\"https:\/\/tomaszgrudzien.com\/pl\/profil\/#breadcrumb\"},\"inLanguage\":\"pl-PL\",\"potentialAction\":[{\"@type\":\"ReadAction\",\"target\":[\"https:\/\/tomaszgrudzien.com\/pl\/profil\/\"]}]},{\"@type\":\"BreadcrumbList\",\"@id\":\"https:\/\/tomaszgrudzien.com\/pl\/profil\/#breadcrumb\",\"itemListElement\":[{\"@type\":\"ListItem\",\"position\":1,\"name\":\"Home\",\"item\":\"https:\/\/tomaszgrudzien.com\/pl\/\"},{\"@type\":\"ListItem\",\"position\":2,\"name\":\"Profil\"}]},{\"@type\":\"WebSite\",\"@id\":\"https:\/\/tomaszgrudzien.com\/#website\",\"url\":\"https:\/\/tomaszgrudzien.com\/\",\"name\":\"Tomasz Grudzie\u0144\",\"description\":\"Professional Polish-English Translator and Inerpreter\",\"potentialAction\":[{\"@type\":\"SearchAction\",\"target\":{\"@type\":\"EntryPoint\",\"urlTemplate\":\"https:\/\/tomaszgrudzien.com\/?s={search_term_string}\"},\"query-input\":{\"@type\":\"PropertyValueSpecification\",\"valueRequired\":true,\"valueName\":\"search_term_string\"}}],\"inLanguage\":\"pl-PL\"}]}<\/script>\n<!-- \/ Yoast SEO plugin. -->","yoast_head_json":{"title":"Tomasz Grudzie\u0144 - profesjonalny t\u0142umacz j\u0119zyka angielskiego","description":"Profesjonalny t\u0142umacz ustny i pisemny dla Twojego biznesu. Moje specjalizacje to prawo, biznes, us\u0142ugi publiczne i marketing. Porozmawiajmy!","robots":{"index":"index","follow":"follow","max-snippet":"max-snippet:-1","max-image-preview":"max-image-preview:large","max-video-preview":"max-video-preview:-1"},"canonical":"https:\/\/tomaszgrudzien.com\/pl\/profil\/","og_locale":"pl_PL","og_type":"article","og_title":"Tomasz Grudzie\u0144 - profesjonalny t\u0142umacz j\u0119zyka angielskiego","og_description":"Profesjonalny t\u0142umacz ustny i pisemny dla Twojego biznesu. Moje specjalizacje to prawo, biznes, us\u0142ugi publiczne i marketing. Porozmawiajmy!","og_url":"https:\/\/tomaszgrudzien.com\/pl\/profil\/","og_site_name":"Tomasz Grudzie\u0144","article_modified_time":"2026-03-13T18:04:05+00:00","twitter_card":"summary_large_image","twitter_misc":{"Szacowany czas czytania":"3 minuty"},"schema":{"@context":"https:\/\/schema.org","@graph":[{"@type":"WebPage","@id":"https:\/\/tomaszgrudzien.com\/pl\/profil\/","url":"https:\/\/tomaszgrudzien.com\/pl\/profil\/","name":"Tomasz Grudzie\u0144 - profesjonalny t\u0142umacz j\u0119zyka angielskiego","isPartOf":{"@id":"https:\/\/tomaszgrudzien.com\/#website"},"datePublished":"2018-08-03T08:06:05+00:00","dateModified":"2026-03-13T18:04:05+00:00","description":"Profesjonalny t\u0142umacz ustny i pisemny dla Twojego biznesu. Moje specjalizacje to prawo, biznes, us\u0142ugi publiczne i marketing. Porozmawiajmy!","breadcrumb":{"@id":"https:\/\/tomaszgrudzien.com\/pl\/profil\/#breadcrumb"},"inLanguage":"pl-PL","potentialAction":[{"@type":"ReadAction","target":["https:\/\/tomaszgrudzien.com\/pl\/profil\/"]}]},{"@type":"BreadcrumbList","@id":"https:\/\/tomaszgrudzien.com\/pl\/profil\/#breadcrumb","itemListElement":[{"@type":"ListItem","position":1,"name":"Home","item":"https:\/\/tomaszgrudzien.com\/pl\/"},{"@type":"ListItem","position":2,"name":"Profil"}]},{"@type":"WebSite","@id":"https:\/\/tomaszgrudzien.com\/#website","url":"https:\/\/tomaszgrudzien.com\/","name":"Tomasz Grudzie\u0144","description":"Professional Polish-English Translator and Inerpreter","potentialAction":[{"@type":"SearchAction","target":{"@type":"EntryPoint","urlTemplate":"https:\/\/tomaszgrudzien.com\/?s={search_term_string}"},"query-input":{"@type":"PropertyValueSpecification","valueRequired":true,"valueName":"search_term_string"}}],"inLanguage":"pl-PL"}]}},"_links":{"self":[{"href":"https:\/\/tomaszgrudzien.com\/pl\/wp-json\/wp\/v2\/pages\/11938","targetHints":{"allow":["GET"]}}],"collection":[{"href":"https:\/\/tomaszgrudzien.com\/pl\/wp-json\/wp\/v2\/pages"}],"about":[{"href":"https:\/\/tomaszgrudzien.com\/pl\/wp-json\/wp\/v2\/types\/page"}],"author":[{"embeddable":true,"href":"https:\/\/tomaszgrudzien.com\/pl\/wp-json\/wp\/v2\/users\/1"}],"replies":[{"embeddable":true,"href":"https:\/\/tomaszgrudzien.com\/pl\/wp-json\/wp\/v2\/comments?post=11938"}],"version-history":[{"count":44,"href":"https:\/\/tomaszgrudzien.com\/pl\/wp-json\/wp\/v2\/pages\/11938\/revisions"}],"predecessor-version":[{"id":12480,"href":"https:\/\/tomaszgrudzien.com\/pl\/wp-json\/wp\/v2\/pages\/11938\/revisions\/12480"}],"wp:attachment":[{"href":"https:\/\/tomaszgrudzien.com\/pl\/wp-json\/wp\/v2\/media?parent=11938"}],"curies":[{"name":"wp","href":"https:\/\/api.w.org\/{rel}","templated":true}]}}