{"id":11935,"date":"2018-08-03T08:47:48","date_gmt":"2018-08-03T08:47:48","guid":{"rendered":"https:\/\/tomaszgrudzien.com\/faq\/"},"modified":"2025-05-02T22:19:52","modified_gmt":"2025-05-02T21:19:52","slug":"czesto-zadawane-pytania","status":"publish","type":"page","link":"https:\/\/tomaszgrudzien.com\/pl\/czesto-zadawane-pytania\/","title":{"rendered":"Cz\u0119sto Zadawane Pytania"},"content":{"rendered":"<p>[vc_row][vc_column css_animation=&#8221;fadeInLeft&#8221;]<div class=\"themestek-element-heading-wrapper themestek-heading-inner themestek-element-align-center themestek-seperator-none \"><section class=\"themestek-vc_cta3-container\"><div class=\"themestek-vc_general themestek-vc_cta3 themestek-cta3-only themestek-vc_cta3-style-classic themestek-vc_cta3-shape-rounded themestek-vc_cta3-align-center themestek-vc_cta3-color-transparent themestek-vc_cta3-icon-size-md themestek-vc_cta3-actions-no themestek-cta3-without-desc\"><div class=\"themestek-vc_cta3_content-container\"><div class=\"themestek-vc_cta3-content\"><div class=\"themestek-vc_cta3-content-header themestek-wrap\"><div class=\"themestek-vc_cta3-headers themestek-wrap-cell\"><h4 class=\"themestek-custom-heading \" >CZ\u0118STO ZADAWANE PYTANIA DOTYCZ\u0104CE US\u0141UG T\u0141UMACZE\u0143 PISEMNYCH I T\u0141UMACZE\u0143 USTNYCH<\/h4>\n<h2 class=\"themestek-custom-heading \" >Jak to dzia\u0142a?<\/h2>\n<\/div><\/div><\/div><\/div><\/div><\/section><\/div> <!-- .themestek-element-heading-wrapper container --> [vc_tta_accordion shape=&#8221;square&#8221; c_icon=&#8221;chevron&#8221; c_position=&#8221;right&#8221; active_section=&#8221;1&#8243; el_class=&#8221;ts-accordion-style-1&#8243;][vc_tta_section title=&#8221;Skontaktuj si\u0119 ze mn\u0105&#8221; tab_id=&#8221;1525932988317-517ad062-c849&#8243;][vc_column_text]Je\u015bli zdecydujesz si\u0119 na wsp\u00f3\u0142prac\u0119 ze mn\u0105, mo\u017cesz przes\u0142a\u0107 zapytanie za po\u015brednictwem formularza kontaktowego lub drog\u0105 e-mailow\u0105. Mo\u017cesz r\u00f3wnie\u017c zadzwoni\u0107 do mnie bezpo\u015brednio, aby om\u00f3wi\u0107 szczeg\u00f3\u0142y swojego projektu w dogodnym dla Ciebie terminie[\/vc_column_text][\/vc_tta_section][vc_tta_section title=&#8221;Otrzymanie wyceny&#8221; tab_id=&#8221;1525933131215-fe810ce0-7b7a&#8221;][vc_column_text]Na podstawie przekazanych przez Ciebie informacji odpowiem najszybciej, jak to mo\u017cliwe, przesy\u0142aj\u0105c wycen\u0119 oraz dodatkowe szczeg\u00f3\u0142y, kt\u00f3re pozwol\u0105 \u0142atwo Tobie oceni\u0107, czy jestem odpowiedni\u0105 osob\u0105 do realizacji danego projektu.[\/vc_column_text][\/vc_tta_section][vc_tta_section title=&#8221;Zlecenie realizacji projektu&#8221; tab_id=&#8221;1525933066792-8a3000ec-c559&#8243;][vc_column_text]Po otrzymaniu potwierdzenia, przyst\u0105pi\u0119 do realizacji Twojego projektu. Niezale\u017cnie od tego, czy jest to zlecenie t\u0142umaczenia pisemnego, czy t\u0142umaczenia ustnego, wsp\u00f3lnie ustalimy ramy czasowe oraz inne warunki wsp\u00f3\u0142pracy, a ja dopilnuj\u0119, aby zlecenie zosta\u0142o wykonane przed up\u0142ywem wyznaczonego terminu.[\/vc_column_text][\/vc_tta_section][vc_tta_section title=&#8221;Jakie s\u0105 dost\u0119pne rodzaje us\u0142ug t\u0142umacze\u0144 ustnych?&#8221; tab_id=&#8221;1525933113360-dae4a488-f0b7&#8243;][vc_column_text]<strong>Symultaniczne <\/strong>&#8211; t\u0142umaczenie na \u017cywo j\u0119zyka docelowego jak jest wymawiany<\/p>\n<p><strong>Konsekutywne <\/strong>&#8211; wolniejsza wersja t\u0142umaczenia symultanicznego, w kt\u00f3rej t\u0142umacz m\u00f3wi podczas przerw mi\u0119dzy zdaniami<\/p>\n<p><strong>Zdalne <\/strong>&#8211; \u0142\u0105czenie rozm\u00f3wc\u00f3w z t\u0142umaczami w r\u00f3\u017cnych lokalizacjach, np. t\u0142umaczenie przez telefon<\/p>\n<p><strong>\u0141\u0105cznikowe <\/strong>&#8211; nieformalna wersja t\u0142umaczenia ustnego, u\u017cywana jako \u0142\u0105cznik mi\u0119dzy dwiema stronami, kt\u00f3re m\u00f3wi\u0105 r\u00f3\u017cnymi j\u0119zykami[\/vc_column_text][\/vc_tta_section][vc_tta_section title=&#8221;Ile kosztuje t\u0142umaczenie ustne?&#8221; tab_id=&#8221;1525932736895-4c35a99e-1554&#8243;][vc_column_text]Ceny r\u00f3\u017cni\u0105 si\u0119 w zale\u017cno\u015bci od z\u0142o\u017cono\u015bci projektu, wymaga\u0144 klienta (np. pilnych projekt\u00f3w, lokalizacji) oraz liczby godzin, w kt\u00f3rych b\u0119d\u0119 wsp\u00f3\u0142pracowa\u0142 z Tob\u0105. <a href=\"https:\/\/tomaszgrudzien.com\/pl\/skontaktuj-sie-ze-mna\/\">Skontaktuj si\u0119 teraz<\/a>, aby dowiedzie\u0107 si\u0119 wi\u0119cej o moich cenach t\u0142umacze\u0144 ustnych.[\/vc_column_text][\/vc_tta_section][vc_tta_section title=&#8221;Jak d\u0142ugo trwa t\u0142umaczenie pisemne?&#8221; tab_id=&#8221;1570613269774-f8117b66-2238&#8243;][vc_column_text]Zale\u017cy to od czterech czynnik\u00f3w: d\u0142ugo\u015bci tekstu, poziomu z\u0142o\u017cono\u015bci tekstu, wymaga\u0144 i mojego harmonogramu. Mo\u017cemy to om\u00f3wi\u0107, gdy otrzymam wi\u0119cej informacji o Twoim projekcie.[\/vc_column_text][\/vc_tta_section][vc_tta_section title=&#8221;Jak mog\u0119 przes\u0142a\u0107 dokumenty?&#8221; tab_id=&#8221;1570613288524-2bd36f4c-37c6&#8243;][vc_column_text]W wi\u0119kszo\u015bci przypadk\u00f3w nie potrzebuj\u0119 oryginalnych dokument\u00f3w. Poniewa\u017c mo\u017cna je zeskanowa\u0107 i wys\u0142a\u0107 tradycyjn\u0105 poczt\u0105, poczt\u0105 elektroniczn\u0105, przes\u0142a\u0107 przez niniejsz\u0105 stron\u0119 internetow\u0105 lub przekaza\u0107 osobi\u015bcie. Orygina\u0142y niekt\u00f3rych dokument\u00f3w mog\u0105 by\u0107 jednak wymagane, je\u015bli podlegaj\u0105 legalizacji. Dotyczy to zazwyczaj za\u015bwiadcze\u0144 o niekaralno\u015bci, dokument\u00f3w s\u0105dowych oraz wszelkich dokument\u00f3w wydanych przez Urz\u0105d Stanu Cywilnego w Wielkiej Brytanii, je\u015bli wymagaj\u0105 one legalizacji[\/vc_column_text][\/vc_tta_section][vc_tta_section title=&#8221;W jaki spos\u00f3b otrzymam dokumenty z powrotem?&#8221; tab_id=&#8221;1570613308716-af731e8d-432f&#8221;][vc_column_text]T\u0142umaczenia po\u015bwiadczone mog\u0105 zosta\u0107 odebrane osobi\u015bcie lub przes\u0142ane z powrotem za po\u015brednictwem Kr\u00f3lewskiej Poczty z potwierdzeniem odbioru lub, na \u017cyczenie, przesy\u0142k\u0105 specjaln\u0105 z gwarancj\u0105 dor\u0119czenia nast\u0119pnego dnia. Kopie elektroniczne przesy\u0142ane drog\u0105 e-mailow\u0105 z regu\u0142y nie s\u0105 akceptowane do cel\u00f3w urz\u0119dowych, jednak otrzymasz je w pierwszej kolejno\u015bci dla w\u0142asnej wiadomo\u015bci.[\/vc_column_text][\/vc_tta_section][vc_tta_section title=&#8221;Ile kosztuje t\u0142umaczenie pisemne?&#8221; tab_id=&#8221;1570613327374-7012b6e4-fd09&#8243;][vc_column_text]Ponownie, ceny r\u00f3\u017cni\u0105 si\u0119 w zale\u017cno\u015bci od d\u0142ugo\u015bci i z\u0142o\u017cono\u015bci tekstu. Skontaktuj si\u0119 ze mn\u0105 ju\u017c dzisiaj, aby poprosi\u0107 o wycen\u0119. Mo\u017cesz zap\u0142aci\u0107 przelewem bankowym lub dla szybszej i \u0142atwiejszej alternatywy, za po\u015brednictwem PayPal.[\/vc_column_text][\/vc_tta_section][vc_tta_section title=&#8221;Kiedy nale\u017cy dokona\u0107 p\u0142atno\u015bci?&#8221; tab_id=&#8221;1570613357413-6305efee-125f&#8221;][vc_column_text]T\u0142umaczenia pisemne podlegaj\u0105 p\u0142atno\u015bci z g\u00f3ry, po wcze\u015bniejszej analizie tekstu lub dokument\u00f3w przeznaczonych do t\u0142umaczenia.<\/p>\n<p>Zlecenia t\u0142umacze\u0144 ustnych mog\u0105 zosta\u0107 op\u0142acone po ich wykonaniu i s\u0105 realizowane na podstawie umowy podpisanej elektronicznie przez obie strony przed rozpocz\u0119ciem wsp\u00f3\u0142pracy.[\/vc_column_text][\/vc_tta_section][\/vc_tta_accordion][\/vc_column][\/vc_row]<\/p>\n","protected":false},"excerpt":{"rendered":"<p>[vc_row][vc_column css_animation=&#8221;fadeInLeft&#8221;][vc_tta_accordion shape=&#8221;square&#8221; c_icon=&#8221;chevron&#8221; c_position=&#8221;right&#8221; active_section=&#8221;1&#8243; el_class=&#8221;ts-accordion-style-1&#8243;][vc_tta_section title=&#8221;Skontaktuj si\u0119 ze mn\u0105&#8221; tab_id=&#8221;1525932988317-517ad062-c849&#8243;][vc_column_text]Je\u015bli zdecydujesz si\u0119 na wsp\u00f3\u0142prac\u0119 ze mn\u0105, mo\u017cesz przes\u0142a\u0107 zapytanie za po\u015brednictwem formularza kontaktowego lub drog\u0105 e-mailow\u0105. Mo\u017cesz r\u00f3wnie\u017c zadzwoni\u0107 do mnie bezpo\u015brednio, aby om\u00f3wi\u0107 szczeg\u00f3\u0142y swojego projektu w dogodnym dla Ciebie terminie[\/vc_column_text][\/vc_tta_section][vc_tta_section title=&#8221;Otrzymanie wyceny&#8221; tab_id=&#8221;1525933131215-fe810ce0-7b7a&#8221;][vc_column_text]Na podstawie przekazanych przez Ciebie informacji odpowiem najszybciej, jak &hellip; <a href=\"https:\/\/tomaszgrudzien.com\/pl\/czesto-zadawane-pytania\/\" class=\"more-link\">Continue reading <span class=\"screen-reader-text\">Cz\u0119sto Zadawane Pytania<\/span><\/a><\/p>\n","protected":false},"author":1,"featured_media":0,"parent":0,"menu_order":8,"comment_status":"closed","ping_status":"closed","template":"","meta":{"footnotes":""},"class_list":["post-11935","page","type-page","status-publish","hentry"],"yoast_head":"<!-- This site is optimized with the Yoast SEO plugin v27.4 - https:\/\/yoast.com\/product\/yoast-seo-wordpress\/ -->\n<title>Ile kosztuj\u0105 t\u0142umaczenia polsko - angielskie? | Tomasz Grudzie\u0144<\/title>\n<meta name=\"description\" content=\"Ile kosztuj\u0105 ustne i pisemne t\u0142umaczenia? Jak d\u0142ugo trwa t\u0142umaczenie? Znajd\u017a odpowied\u017a na najcz\u0119\u015bciej zadawane pytania o t\u0142umaczeniach.\" \/>\n<meta name=\"robots\" content=\"index, follow, max-snippet:-1, max-image-preview:large, max-video-preview:-1\" \/>\n<link rel=\"canonical\" href=\"https:\/\/tomaszgrudzien.com\/pl\/czesto-zadawane-pytania\/\" \/>\n<meta property=\"og:locale\" content=\"pl_PL\" \/>\n<meta property=\"og:type\" content=\"article\" \/>\n<meta property=\"og:title\" content=\"Ile kosztuj\u0105 t\u0142umaczenia polsko - angielskie? | Tomasz Grudzie\u0144\" \/>\n<meta property=\"og:description\" content=\"Ile kosztuj\u0105 ustne i pisemne t\u0142umaczenia? Jak d\u0142ugo trwa t\u0142umaczenie? Znajd\u017a odpowied\u017a na najcz\u0119\u015bciej zadawane pytania o t\u0142umaczeniach.\" \/>\n<meta property=\"og:url\" content=\"https:\/\/tomaszgrudzien.com\/pl\/czesto-zadawane-pytania\/\" \/>\n<meta property=\"og:site_name\" content=\"Tomasz Grudzie\u0144\" \/>\n<meta property=\"article:modified_time\" content=\"2025-05-02T21:19:52+00:00\" \/>\n<meta name=\"twitter:card\" content=\"summary_large_image\" \/>\n<meta name=\"twitter:label1\" content=\"Szacowany czas czytania\" \/>\n\t<meta name=\"twitter:data1\" content=\"2 minuty\" \/>\n<script type=\"application\/ld+json\" class=\"yoast-schema-graph\">{\"@context\":\"https:\\\/\\\/schema.org\",\"@graph\":[{\"@type\":\"WebPage\",\"@id\":\"https:\\\/\\\/tomaszgrudzien.com\\\/pl\\\/czesto-zadawane-pytania\\\/\",\"url\":\"https:\\\/\\\/tomaszgrudzien.com\\\/pl\\\/czesto-zadawane-pytania\\\/\",\"name\":\"Ile kosztuj\u0105 t\u0142umaczenia polsko - angielskie? | Tomasz Grudzie\u0144\",\"isPartOf\":{\"@id\":\"https:\\\/\\\/tomaszgrudzien.com\\\/#website\"},\"datePublished\":\"2018-08-03T08:47:48+00:00\",\"dateModified\":\"2025-05-02T21:19:52+00:00\",\"description\":\"Ile kosztuj\u0105 ustne i pisemne t\u0142umaczenia? Jak d\u0142ugo trwa t\u0142umaczenie? Znajd\u017a odpowied\u017a na najcz\u0119\u015bciej zadawane pytania o t\u0142umaczeniach.\",\"breadcrumb\":{\"@id\":\"https:\\\/\\\/tomaszgrudzien.com\\\/pl\\\/czesto-zadawane-pytania\\\/#breadcrumb\"},\"inLanguage\":\"pl-PL\",\"potentialAction\":[{\"@type\":\"ReadAction\",\"target\":[\"https:\\\/\\\/tomaszgrudzien.com\\\/pl\\\/czesto-zadawane-pytania\\\/\"]}]},{\"@type\":\"BreadcrumbList\",\"@id\":\"https:\\\/\\\/tomaszgrudzien.com\\\/pl\\\/czesto-zadawane-pytania\\\/#breadcrumb\",\"itemListElement\":[{\"@type\":\"ListItem\",\"position\":1,\"name\":\"Home\",\"item\":\"https:\\\/\\\/tomaszgrudzien.com\\\/pl\\\/\"},{\"@type\":\"ListItem\",\"position\":2,\"name\":\"Cz\u0119sto Zadawane Pytania\"}]},{\"@type\":\"WebSite\",\"@id\":\"https:\\\/\\\/tomaszgrudzien.com\\\/#website\",\"url\":\"https:\\\/\\\/tomaszgrudzien.com\\\/\",\"name\":\"Tomasz Grudzie\u0144\",\"description\":\"Professional Polish-English Translator and Inerpreter\",\"potentialAction\":[{\"@type\":\"SearchAction\",\"target\":{\"@type\":\"EntryPoint\",\"urlTemplate\":\"https:\\\/\\\/tomaszgrudzien.com\\\/?s={search_term_string}\"},\"query-input\":{\"@type\":\"PropertyValueSpecification\",\"valueRequired\":true,\"valueName\":\"search_term_string\"}}],\"inLanguage\":\"pl-PL\"}]}<\/script>\n<!-- \/ Yoast SEO plugin. -->","yoast_head_json":{"title":"Ile kosztuj\u0105 t\u0142umaczenia polsko - angielskie? | Tomasz Grudzie\u0144","description":"Ile kosztuj\u0105 ustne i pisemne t\u0142umaczenia? Jak d\u0142ugo trwa t\u0142umaczenie? Znajd\u017a odpowied\u017a na najcz\u0119\u015bciej zadawane pytania o t\u0142umaczeniach.","robots":{"index":"index","follow":"follow","max-snippet":"max-snippet:-1","max-image-preview":"max-image-preview:large","max-video-preview":"max-video-preview:-1"},"canonical":"https:\/\/tomaszgrudzien.com\/pl\/czesto-zadawane-pytania\/","og_locale":"pl_PL","og_type":"article","og_title":"Ile kosztuj\u0105 t\u0142umaczenia polsko - angielskie? | Tomasz Grudzie\u0144","og_description":"Ile kosztuj\u0105 ustne i pisemne t\u0142umaczenia? Jak d\u0142ugo trwa t\u0142umaczenie? Znajd\u017a odpowied\u017a na najcz\u0119\u015bciej zadawane pytania o t\u0142umaczeniach.","og_url":"https:\/\/tomaszgrudzien.com\/pl\/czesto-zadawane-pytania\/","og_site_name":"Tomasz Grudzie\u0144","article_modified_time":"2025-05-02T21:19:52+00:00","twitter_card":"summary_large_image","twitter_misc":{"Szacowany czas czytania":"2 minuty"},"schema":{"@context":"https:\/\/schema.org","@graph":[{"@type":"WebPage","@id":"https:\/\/tomaszgrudzien.com\/pl\/czesto-zadawane-pytania\/","url":"https:\/\/tomaszgrudzien.com\/pl\/czesto-zadawane-pytania\/","name":"Ile kosztuj\u0105 t\u0142umaczenia polsko - angielskie? | Tomasz Grudzie\u0144","isPartOf":{"@id":"https:\/\/tomaszgrudzien.com\/#website"},"datePublished":"2018-08-03T08:47:48+00:00","dateModified":"2025-05-02T21:19:52+00:00","description":"Ile kosztuj\u0105 ustne i pisemne t\u0142umaczenia? Jak d\u0142ugo trwa t\u0142umaczenie? Znajd\u017a odpowied\u017a na najcz\u0119\u015bciej zadawane pytania o t\u0142umaczeniach.","breadcrumb":{"@id":"https:\/\/tomaszgrudzien.com\/pl\/czesto-zadawane-pytania\/#breadcrumb"},"inLanguage":"pl-PL","potentialAction":[{"@type":"ReadAction","target":["https:\/\/tomaszgrudzien.com\/pl\/czesto-zadawane-pytania\/"]}]},{"@type":"BreadcrumbList","@id":"https:\/\/tomaszgrudzien.com\/pl\/czesto-zadawane-pytania\/#breadcrumb","itemListElement":[{"@type":"ListItem","position":1,"name":"Home","item":"https:\/\/tomaszgrudzien.com\/pl\/"},{"@type":"ListItem","position":2,"name":"Cz\u0119sto Zadawane Pytania"}]},{"@type":"WebSite","@id":"https:\/\/tomaszgrudzien.com\/#website","url":"https:\/\/tomaszgrudzien.com\/","name":"Tomasz Grudzie\u0144","description":"Professional Polish-English Translator and Inerpreter","potentialAction":[{"@type":"SearchAction","target":{"@type":"EntryPoint","urlTemplate":"https:\/\/tomaszgrudzien.com\/?s={search_term_string}"},"query-input":{"@type":"PropertyValueSpecification","valueRequired":true,"valueName":"search_term_string"}}],"inLanguage":"pl-PL"}]}},"_links":{"self":[{"href":"https:\/\/tomaszgrudzien.com\/pl\/wp-json\/wp\/v2\/pages\/11935","targetHints":{"allow":["GET"]}}],"collection":[{"href":"https:\/\/tomaszgrudzien.com\/pl\/wp-json\/wp\/v2\/pages"}],"about":[{"href":"https:\/\/tomaszgrudzien.com\/pl\/wp-json\/wp\/v2\/types\/page"}],"author":[{"embeddable":true,"href":"https:\/\/tomaszgrudzien.com\/pl\/wp-json\/wp\/v2\/users\/1"}],"replies":[{"embeddable":true,"href":"https:\/\/tomaszgrudzien.com\/pl\/wp-json\/wp\/v2\/comments?post=11935"}],"version-history":[{"count":21,"href":"https:\/\/tomaszgrudzien.com\/pl\/wp-json\/wp\/v2\/pages\/11935\/revisions"}],"predecessor-version":[{"id":12452,"href":"https:\/\/tomaszgrudzien.com\/pl\/wp-json\/wp\/v2\/pages\/11935\/revisions\/12452"}],"wp:attachment":[{"href":"https:\/\/tomaszgrudzien.com\/pl\/wp-json\/wp\/v2\/media?parent=11935"}],"curies":[{"name":"wp","href":"https:\/\/api.w.org\/{rel}","templated":true}]}}