{"id":11933,"date":"2018-08-03T06:04:16","date_gmt":"2018-08-03T06:04:16","guid":{"rendered":"https:\/\/tomaszgrudzien.com\/contact-me\/"},"modified":"2024-04-09T13:48:15","modified_gmt":"2024-04-09T12:48:15","slug":"skontaktuj-sie-ze-mna","status":"publish","type":"page","link":"https:\/\/tomaszgrudzien.com\/pl\/skontaktuj-sie-ze-mna\/","title":{"rendered":"Skontaktuj si\u0119 ze mn\u0105"},"content":{"rendered":"<p>[vc_row themestek_bgcolor=&#8221;white&#8221; zindex=&#8221;2&#8243; css=&#8221;.vc_custom_1576681687357{margin-top: -100px !important;padding-top: 0px !important;padding-bottom: 0px !important;}&#8221; el_class=&#8221;themestek-box-effect&#8221;][vc_column css_animation=&#8221;fadeInDown&#8221; width=&#8221;1\/3&#8243;]<div class=\"themestek-ihbox themestek-ihbox-style-4 themestek-ihbox-itype-none \">\n\t<div class=\"themestek-sbox-bgimage-layer themestek-bgimage-layer\"><\/div>\n\t<div class=\"themestek-ihbox-wrapper-bg-layer themestek-bg-layer\"><\/div>\n\t<div class=\"themestek-ihbox-inner\">\n\t\t<div class=\"themestek-ihbox-icon  themestek-icon-skincolor\">\n\t\t\t\t\t<\/div>\n\t\t<div class=\"themestek-ihbox-contents\">\n\t\t\t<div class=\"themestek-vc_general themestek-vc_cta3 themestek-cta3-only themestek-vc_cta3-style-classic themestek-vc_cta3-shape-rounded themestek-vc_cta3-align-left themestek-vc_cta3-color-transparent themestek-vc_cta3-icon-size-md themestek-vc_cta3-actions-no themestek-cta3-without-desc\"><div class=\"themestek-vc_cta3_content-container\"><div class=\"themestek-vc_cta3-content\"><div class=\"themestek-vc_cta3-content-header themestek-wrap\"><div class=\"themestek-vc_cta3-headers themestek-wrap-cell\"><h2 class=\"themestek-custom-heading \">Adres<\/h2>\n<\/div><\/div><\/div><\/div><\/div>\t\t\t<div class=\"themestek-cta3-content-wrapper\">Zamieszka\u0142y w South Lanarkshire, Zjednoczone Kr\u00f3lestwo Wielkiej Brytanii<\/div>\t\t\t\t\t<\/div><!-- .themestek-ihbox-contents -->\n\t<\/div>\n<\/div>\n[\/vc_column][vc_column css_animation=&#8221;fadeInDown&#8221; width=&#8221;1\/3&#8243; css=&#8221;.vc_custom_1571309073801{background-color: #fafafa !important;}&#8221;]<div class=\"themestek-ihbox themestek-ihbox-style-4 themestek-ihbox-itype-none \">\n\t<div class=\"themestek-sbox-bgimage-layer themestek-bgimage-layer\"><\/div>\n\t<div class=\"themestek-ihbox-wrapper-bg-layer themestek-bg-layer\"><\/div>\n\t<div class=\"themestek-ihbox-inner\">\n\t\t<div class=\"themestek-ihbox-icon  themestek-icon-skincolor\">\n\t\t\t\t\t<\/div>\n\t\t<div class=\"themestek-ihbox-contents\">\n\t\t\t<div class=\"themestek-vc_general themestek-vc_cta3 themestek-cta3-only themestek-vc_cta3-style-classic themestek-vc_cta3-shape-rounded themestek-vc_cta3-align-left themestek-vc_cta3-color-transparent themestek-vc_cta3-icon-size-md themestek-vc_cta3-actions-no themestek-cta3-without-desc\"><div class=\"themestek-vc_cta3_content-container\"><div class=\"themestek-vc_cta3-content\"><div class=\"themestek-vc_cta3-content-header themestek-wrap\"><div class=\"themestek-vc_cta3-headers themestek-wrap-cell\"><h2 class=\"themestek-custom-heading \">Telefon<\/h2>\n<\/div><\/div><\/div><\/div><\/div>\t\t\t<div class=\"themestek-cta3-content-wrapper\">+4475505 77615<br \/>\n+441698 692310<\/div>\t\t\t\t\t<\/div><!-- .themestek-ihbox-contents -->\n\t<\/div>\n<\/div>\n[\/vc_column][vc_column css_animation=&#8221;fadeInDown&#8221; width=&#8221;1\/3&#8243;]<div class=\"themestek-ihbox themestek-ihbox-style-4 themestek-ihbox-itype-none \">\n\t<div class=\"themestek-sbox-bgimage-layer themestek-bgimage-layer\"><\/div>\n\t<div class=\"themestek-ihbox-wrapper-bg-layer themestek-bg-layer\"><\/div>\n\t<div class=\"themestek-ihbox-inner\">\n\t\t<div class=\"themestek-ihbox-icon  themestek-icon-skincolor\">\n\t\t\t\t\t<\/div>\n\t\t<div class=\"themestek-ihbox-contents\">\n\t\t\t<div class=\"themestek-vc_general themestek-vc_cta3 themestek-cta3-only themestek-vc_cta3-style-classic themestek-vc_cta3-shape-rounded themestek-vc_cta3-align-left themestek-vc_cta3-color-transparent themestek-vc_cta3-icon-size-md themestek-vc_cta3-actions-no themestek-cta3-without-desc\"><div class=\"themestek-vc_cta3_content-container\"><div class=\"themestek-vc_cta3-content\"><div class=\"themestek-vc_cta3-content-header themestek-wrap\"><div class=\"themestek-vc_cta3-headers themestek-wrap-cell\"><h2 class=\"themestek-custom-heading \">Email<\/h2>\n<\/div><\/div><\/div><\/div><\/div>\t\t\t<div class=\"themestek-cta3-content-wrapper\">info@tomaszgrudzien.com<\/div>\t\t\t\t\t<\/div><!-- .themestek-ihbox-contents -->\n\t<\/div>\n<\/div>\n[\/vc_column][\/vc_row][vc_row full_width=&#8221;stretch_row&#8221; equal_height=&#8221;yes&#8221; css=&#8221;.vc_custom_1572352828765{padding-top: 0px !important;padding-bottom: 0px !important;background-color: #ffffff !important;}&#8221;][vc_column themestek_col_bg_expand=&#8221;left&#8221; width=&#8221;1\/6&#8243;][\/vc_column][vc_column themestek_col_bg_expand=&#8221;right&#8221; css_animation=&#8221;fadeIn&#8221; width=&#8221;2\/3&#8243; css=&#8221;.vc_custom_1572352841774{margin-top: -60px !important;padding-top: 130px !important;background-color: #ffffff !important;}&#8221; themestek_responsive_css=&#8221;33195356|colbreak_no|||||||||colbreak_no||||||30||30|colbreak_no|0||||60|25||25||colbreak_no|||||||||&#8221;]<div class=\"themestek-element-heading-wrapper themestek-heading-inner themestek-element-align-center themestek-seperator-none \"><section class=\"themestek-vc_cta3-container\"><div class=\"themestek-vc_general themestek-vc_cta3 themestek-cta3-only themestek-vc_cta3-style-classic themestek-vc_cta3-shape-rounded themestek-vc_cta3-align-center themestek-vc_cta3-color-transparent themestek-vc_cta3-icon-size-md themestek-vc_cta3-actions-no themestek-cta3-without-desc\"><div class=\"themestek-vc_cta3_content-container\"><div class=\"themestek-vc_cta3-content\"><div class=\"themestek-vc_cta3-content-header themestek-wrap\"><div class=\"themestek-vc_cta3-headers themestek-wrap-cell\"><h4 class=\"themestek-custom-heading \" >PROFESJONALNY T\u0141UMACZ PISEMNY I USTNY J\u0118ZYKA POLSKIEGO I ANGIELSKIEGO<\/h4>\n<h2 class=\"themestek-custom-heading \" >Skontaktuj si\u0119 ze mn\u0105<\/h2>\n<\/div><\/div><\/div><\/div><\/div><\/section><\/div> <!-- .themestek-element-heading-wrapper container --> [vc_column_text]<\/p>\n<p style=\"text-align: center;\">Aby porozmawia\u0107 o projekcie, poprosi\u0107 o wycen\u0119 lub zada\u0107 pytanie, kt\u00f3re nie zosta\u0142o opisane na <a href=\"https:\/\/tomaszgrudzien.com\/pl\/czesto-zadawane-pytania\/\">stronie Cz\u0119sto Zadawanych Pyta\u0144<\/a>, skontaktuj si\u0119 ju\u017c dzi\u015b lub wype\u0142nij poni\u017cszy formularz kontaktowy:<\/p>\n<p>[\/vc_column_text]\n<div class=\"wpcf7 no-js\" id=\"wpcf7-f11989-o1\" lang=\"en-US\" dir=\"ltr\" data-wpcf7-id=\"11989\">\n<div class=\"screen-reader-response\"><p role=\"status\" aria-live=\"polite\" aria-atomic=\"true\"><\/p> <ul><\/ul><\/div>\n<form action=\"\/pl\/wp-json\/wp\/v2\/pages\/11933#wpcf7-f11989-o1\" method=\"post\" class=\"wpcf7-form init\" aria-label=\"Contact form\" novalidate=\"novalidate\" data-status=\"init\">\n<fieldset class=\"hidden-fields-container\"><input type=\"hidden\" name=\"_wpcf7\" value=\"11989\" \/><input type=\"hidden\" name=\"_wpcf7_version\" value=\"6.1.5\" \/><input type=\"hidden\" name=\"_wpcf7_locale\" value=\"en_US\" \/><input type=\"hidden\" name=\"_wpcf7_unit_tag\" value=\"wpcf7-f11989-o1\" \/><input type=\"hidden\" name=\"_wpcf7_container_post\" value=\"0\" \/><input type=\"hidden\" name=\"_wpcf7_posted_data_hash\" value=\"\" \/>\n<\/fieldset>\n<div class=\"main-form\">\n\t<div class=\"row\">\n\t\t<div class=\"col-md-6\">\n\t\t\t<div class=\"input-group\">\n\t\t\t\t<p><span class=\"wpcf7-form-control-wrap\" data-name=\"your-name\"><input size=\"40\" maxlength=\"400\" class=\"wpcf7-form-control wpcf7-text wpcf7-validates-as-required\" aria-required=\"true\" aria-invalid=\"false\" placeholder=\"Imi\u0119 i Nazwisko*\" value=\"\" type=\"text\" name=\"your-name\" \/><\/span>\n\t\t\t\t<\/p>\n\t\t\t<\/div>\n\t\t<\/div>\n\t\t<div class=\"col-md-6\">\n\t\t\t<div class=\"input-group\">\n\t\t\t\t<p><span class=\"wpcf7-form-control-wrap\" data-name=\"your-email\"><input size=\"40\" maxlength=\"400\" class=\"wpcf7-form-control wpcf7-text wpcf7-validates-as-required\" aria-required=\"true\" aria-invalid=\"false\" placeholder=\"E-mail*\" value=\"\" type=\"text\" name=\"your-email\" \/><\/span>\n\t\t\t\t<\/p>\n\t\t\t<\/div>\n\t\t<\/div>\n\t\t<div class=\"col-md-6\">\n\t\t\t<div class=\"input-group\">\n\t\t\t\t<p><span class=\"wpcf7-form-control-wrap\" data-name=\"phone\"><input size=\"40\" maxlength=\"400\" class=\"wpcf7-form-control wpcf7-text wpcf7-validates-as-required\" aria-required=\"true\" aria-invalid=\"false\" placeholder=\"Telefon*\" value=\"\" type=\"text\" name=\"phone\" \/><\/span>\n\t\t\t\t<\/p>\n\t\t\t<\/div>\n\t\t<\/div>\n\t\t<div class=\"col-md-6\">\n\t\t\t<div class=\"input-group\">\n\t\t\t\t<p><span class=\"wpcf7-form-control-wrap\" data-name=\"text-99\"><input size=\"40\" maxlength=\"400\" class=\"wpcf7-form-control wpcf7-text wpcf7-validates-as-required\" aria-required=\"true\" aria-invalid=\"false\" placeholder=\"Temat*\" value=\"\" type=\"text\" name=\"text-99\" \/><\/span>\n\t\t\t\t<\/p>\n\t\t\t<\/div>\n\t\t<\/div>\n\t\t<div class=\"col-md-12\">\n\t\t\t<div class=\"input-group input-button\">\n\t\t\t\t<p><span class=\"wpcf7-form-control-wrap\" data-name=\"message\"><textarea cols=\"40\" rows=\"4\" maxlength=\"2000\" class=\"wpcf7-form-control wpcf7-textarea wpcf7-validates-as-required\" aria-required=\"true\" aria-invalid=\"false\" placeholder=\"Wiadomo\u015b\u0107*\" name=\"message\"><\/textarea><\/span>\n\t\t\t\t<\/p>\n\t\t\t<\/div>\n\t\t<\/div>\n\t\t<div class=\"col-md-12\" style=\"margin-bottom: 25px;\">\n\t\t\t<p><span class=\"wpcf7-form-control-wrap kc_captcha\" data-name=\"kc_captcha\"><span class=\"wpcf7-form-control wpcf7-radio\"><span class=\"captcha-image\" ><span class=\"cf7ic_instructions\">Please prove you are human by selecting the<span> heart<\/span>.<\/span><label><input aria-label=\"1\" type=\"radio\" name=\"kc_captcha\" value=\"kc_human\" \/><svg aria-hidden=\"true\" role=\"img\" xmlns=\"http:\/\/www.w3.org\/2000\/svg\" viewBox=\"0 0 576 512\"><path fill=\"currentColor\" d=\"M415 24c-53 0-103 42-127 65-24-23-74-65-127-65C70 24 16 77 16 166c0 72 67 133 69 135l187 181c9 8 23 8 32 0l187-180c2-3 69-64 69-136 0-89-54-142-145-142z\"\/><\/svg><\/label><label><input aria-label=\"2\" type=\"radio\" name=\"kc_captcha\" value=\"bot\" \/><svg aria-hidden=\"true\" role=\"img\" xmlns=\"http:\/\/www.w3.org\/2000\/svg\" viewBox=\"0 0 512 512\"><path fill=\"currentColor\" d=\"M500 168h-55l-8-21a127 127 0 00-120-83H195a127 127 0 00-120 83l-8 21H12c-8 0-14 8-11 16l8 24a12 12 0 0011 8h29a64 64 0 00-33 56v48c0 16 6 31 16 42v62c0 13 11 24 24 24h48c13 0 24-11 24-24v-40h256v40c0 13 11 24 24 24h48c13 0 24-11 24-24v-62c10-11 16-26 16-42v-48c0-24-13-45-33-56h29a12 12 0 0011-8l8-24c3-8-3-16-11-16zm-365 2c9-25 33-42 60-42h122c27 0 51 17 60 42l15 38H120l15-38zM88 328a32 32 0 010-64c18 0 48 30 48 48s-30 16-48 16zm336 0c-18 0-48 2-48-16s30-48 48-48 32 14 32 32-14 32-32 32z\"\/><\/svg><\/label><label><input aria-label=\"3\" type=\"radio\" name=\"kc_captcha\" value=\"bot\" \/><svg aria-hidden=\"true\" role=\"img\" xmlns=\"http:\/\/www.w3.org\/2000\/svg\" viewBox=\"0 0 640 512\"><path fill=\"currentColor\" d=\"M192 384h192c53 0 96-43 96-96h32a128 128 0 000-256H120c-13 0-24 11-24 24v232c0 53 43 96 96 96zM512 96a64 64 0 010 128h-32V96h32zm48 384H48c-47 0-61-64-36-64h584c25 0 11 64-36 64z\"\/><\/svg><\/label>\r\n    <\/span>\r\n    <span style=\"display:none\">\r\n        <input type=\"text\" name=\"kc_honeypot\">\r\n    <\/span><\/span><\/span>\n\t\t\t<\/p>\n\t\t<\/div>\n\t\t<div class=\"col-md-6\">\n\t\t\t<div class=\"input-group input-button\">\n\t\t\t\t<p><input class=\"wpcf7-form-control wpcf7-submit has-spinner btn-block\" type=\"submit\" value=\"Wy\u015blij Wiadomo\u015b\u0107\" \/>\n\t\t\t\t<\/p>\n\t\t\t<\/div>\n\t\t<\/div>\n\t<\/div>\n<\/div><input type='hidden' class='wpcf7-pum' value='{\"closepopup\":false,\"closedelay\":0,\"openpopup\":false,\"openpopup_id\":0}' \/><div class=\"wpcf7-response-output\" aria-hidden=\"true\"><\/div>\n<\/form>\n<\/div>\n\r\n\t\t\t\t<script>\r\n\t\t\t\tif ( typeof huOptions !== 'undefined' ) {\r\n\t\t\t\t\tvar huFormData = {\"source\":\"contactform7\",\"id\":11989,\"title\":\"Contact Page pl\",\"fields\":{\"subject\":{\"first_name\":\"your-name\",\"email\":\"your-email\"},\"preferences\":{\"terms\":\"your-consent\"}}};\r\n\t\t\t\t\tvar huFormNode = document.querySelector( '[id^=\"wpcf7-f11989-\"] form' );\r\n\r\n\t\t\t\t\thuFormData['node'] = huFormNode;\r\n\t\t\t\t\thuOptions['forms'].push( huFormData );\r\n\t\t\t\t}\r\n\t\t\t\t<\/script>[\/vc_column][vc_column width=&#8221;1\/6&#8243;][\/vc_column][\/vc_row]<\/p>\n","protected":false},"excerpt":{"rendered":"<p>[vc_row themestek_bgcolor=&#8221;white&#8221; zindex=&#8221;2&#8243; css=&#8221;.vc_custom_1576681687357{margin-top: -100px !important;padding-top: 0px !important;padding-bottom: 0px !important;}&#8221; el_class=&#8221;themestek-box-effect&#8221;][vc_column css_animation=&#8221;fadeInDown&#8221; width=&#8221;1\/3&#8243;][\/vc_column][vc_column css_animation=&#8221;fadeInDown&#8221; width=&#8221;1\/3&#8243; css=&#8221;.vc_custom_1571309073801{background-color: #fafafa !important;}&#8221;][\/vc_column][vc_column css_animation=&#8221;fadeInDown&#8221; width=&#8221;1\/3&#8243;][\/vc_column][\/vc_row][vc_row full_width=&#8221;stretch_row&#8221; equal_height=&#8221;yes&#8221; css=&#8221;.vc_custom_1572352828765{padding-top: 0px !important;padding-bottom: 0px !important;background-color: #ffffff !important;}&#8221;][vc_column themestek_col_bg_expand=&#8221;left&#8221; width=&#8221;1\/6&#8243;][\/vc_column][vc_column themestek_col_bg_expand=&#8221;right&#8221; css_animation=&#8221;fadeIn&#8221; width=&#8221;2\/3&#8243; css=&#8221;.vc_custom_1572352841774{margin-top: -60px !important;padding-top: 130px !important;background-color: #ffffff !important;}&#8221; themestek_responsive_css=&#8221;33195356|colbreak_no|||||||||colbreak_no||||||30||30|colbreak_no|0||||60|25||25||colbreak_no|||||||||&#8221;][vc_column_text] Aby porozmawia\u0107 o projekcie, poprosi\u0107 o wycen\u0119 lub zada\u0107 pytanie, kt\u00f3re nie zosta\u0142o &hellip; <a href=\"https:\/\/tomaszgrudzien.com\/pl\/skontaktuj-sie-ze-mna\/\" class=\"more-link\">Continue reading <span class=\"screen-reader-text\">Skontaktuj si\u0119 ze mn\u0105<\/span><\/a><\/p>\n","protected":false},"author":1,"featured_media":0,"parent":0,"menu_order":14,"comment_status":"closed","ping_status":"closed","template":"","meta":{"footnotes":""},"class_list":["post-11933","page","type-page","status-publish","hentry"],"yoast_head":"<!-- This site is optimized with the Yoast SEO plugin v27.4 - https:\/\/yoast.com\/product\/yoast-seo-wordpress\/ -->\n<title>Wykwalifikowany t\u0142umacz j\u0119zyka angielskiego | Tomasz Grudzie\u0144<\/title>\n<meta name=\"description\" content=\"Wykwalifikowany t\u0142umacz j\u0119zyka angielskiego w UK. Profesjonalne t\u0142umaczenia ustne i pisemne w Wielkiej Brytanii i za granic\u0105.\" \/>\n<meta name=\"robots\" content=\"index, follow, max-snippet:-1, max-image-preview:large, max-video-preview:-1\" \/>\n<link rel=\"canonical\" href=\"https:\/\/tomaszgrudzien.com\/pl\/skontaktuj-sie-ze-mna\/\" \/>\n<meta property=\"og:locale\" content=\"pl_PL\" \/>\n<meta property=\"og:type\" content=\"article\" \/>\n<meta property=\"og:title\" content=\"Wykwalifikowany t\u0142umacz j\u0119zyka angielskiego | Tomasz Grudzie\u0144\" \/>\n<meta property=\"og:description\" content=\"Wykwalifikowany t\u0142umacz j\u0119zyka angielskiego w UK. Profesjonalne t\u0142umaczenia ustne i pisemne w Wielkiej Brytanii i za granic\u0105.\" \/>\n<meta property=\"og:url\" content=\"https:\/\/tomaszgrudzien.com\/pl\/skontaktuj-sie-ze-mna\/\" \/>\n<meta property=\"og:site_name\" content=\"Tomasz Grudzie\u0144\" \/>\n<meta property=\"article:modified_time\" content=\"2024-04-09T12:48:15+00:00\" \/>\n<meta name=\"twitter:card\" content=\"summary_large_image\" \/>\n<meta name=\"twitter:label1\" content=\"Szacowany czas czytania\" \/>\n\t<meta name=\"twitter:data1\" content=\"1 minuta\" \/>\n<script type=\"application\/ld+json\" class=\"yoast-schema-graph\">{\"@context\":\"https:\\\/\\\/schema.org\",\"@graph\":[{\"@type\":\"WebPage\",\"@id\":\"https:\\\/\\\/tomaszgrudzien.com\\\/pl\\\/skontaktuj-sie-ze-mna\\\/\",\"url\":\"https:\\\/\\\/tomaszgrudzien.com\\\/pl\\\/skontaktuj-sie-ze-mna\\\/\",\"name\":\"Wykwalifikowany t\u0142umacz j\u0119zyka angielskiego | Tomasz Grudzie\u0144\",\"isPartOf\":{\"@id\":\"https:\\\/\\\/tomaszgrudzien.com\\\/#website\"},\"datePublished\":\"2018-08-03T06:04:16+00:00\",\"dateModified\":\"2024-04-09T12:48:15+00:00\",\"description\":\"Wykwalifikowany t\u0142umacz j\u0119zyka angielskiego w UK. Profesjonalne t\u0142umaczenia ustne i pisemne w Wielkiej Brytanii i za granic\u0105.\",\"breadcrumb\":{\"@id\":\"https:\\\/\\\/tomaszgrudzien.com\\\/pl\\\/skontaktuj-sie-ze-mna\\\/#breadcrumb\"},\"inLanguage\":\"pl-PL\",\"potentialAction\":[{\"@type\":\"ReadAction\",\"target\":[\"https:\\\/\\\/tomaszgrudzien.com\\\/pl\\\/skontaktuj-sie-ze-mna\\\/\"]}]},{\"@type\":\"BreadcrumbList\",\"@id\":\"https:\\\/\\\/tomaszgrudzien.com\\\/pl\\\/skontaktuj-sie-ze-mna\\\/#breadcrumb\",\"itemListElement\":[{\"@type\":\"ListItem\",\"position\":1,\"name\":\"Home\",\"item\":\"https:\\\/\\\/tomaszgrudzien.com\\\/pl\\\/\"},{\"@type\":\"ListItem\",\"position\":2,\"name\":\"Skontaktuj si\u0119 ze mn\u0105\"}]},{\"@type\":\"WebSite\",\"@id\":\"https:\\\/\\\/tomaszgrudzien.com\\\/#website\",\"url\":\"https:\\\/\\\/tomaszgrudzien.com\\\/\",\"name\":\"Tomasz Grudzie\u0144\",\"description\":\"Professional Polish-English Translator and Inerpreter\",\"potentialAction\":[{\"@type\":\"SearchAction\",\"target\":{\"@type\":\"EntryPoint\",\"urlTemplate\":\"https:\\\/\\\/tomaszgrudzien.com\\\/?s={search_term_string}\"},\"query-input\":{\"@type\":\"PropertyValueSpecification\",\"valueRequired\":true,\"valueName\":\"search_term_string\"}}],\"inLanguage\":\"pl-PL\"}]}<\/script>\n<!-- \/ Yoast SEO plugin. -->","yoast_head_json":{"title":"Wykwalifikowany t\u0142umacz j\u0119zyka angielskiego | Tomasz Grudzie\u0144","description":"Wykwalifikowany t\u0142umacz j\u0119zyka angielskiego w UK. Profesjonalne t\u0142umaczenia ustne i pisemne w Wielkiej Brytanii i za granic\u0105.","robots":{"index":"index","follow":"follow","max-snippet":"max-snippet:-1","max-image-preview":"max-image-preview:large","max-video-preview":"max-video-preview:-1"},"canonical":"https:\/\/tomaszgrudzien.com\/pl\/skontaktuj-sie-ze-mna\/","og_locale":"pl_PL","og_type":"article","og_title":"Wykwalifikowany t\u0142umacz j\u0119zyka angielskiego | Tomasz Grudzie\u0144","og_description":"Wykwalifikowany t\u0142umacz j\u0119zyka angielskiego w UK. Profesjonalne t\u0142umaczenia ustne i pisemne w Wielkiej Brytanii i za granic\u0105.","og_url":"https:\/\/tomaszgrudzien.com\/pl\/skontaktuj-sie-ze-mna\/","og_site_name":"Tomasz Grudzie\u0144","article_modified_time":"2024-04-09T12:48:15+00:00","twitter_card":"summary_large_image","twitter_misc":{"Szacowany czas czytania":"1 minuta"},"schema":{"@context":"https:\/\/schema.org","@graph":[{"@type":"WebPage","@id":"https:\/\/tomaszgrudzien.com\/pl\/skontaktuj-sie-ze-mna\/","url":"https:\/\/tomaszgrudzien.com\/pl\/skontaktuj-sie-ze-mna\/","name":"Wykwalifikowany t\u0142umacz j\u0119zyka angielskiego | Tomasz Grudzie\u0144","isPartOf":{"@id":"https:\/\/tomaszgrudzien.com\/#website"},"datePublished":"2018-08-03T06:04:16+00:00","dateModified":"2024-04-09T12:48:15+00:00","description":"Wykwalifikowany t\u0142umacz j\u0119zyka angielskiego w UK. Profesjonalne t\u0142umaczenia ustne i pisemne w Wielkiej Brytanii i za granic\u0105.","breadcrumb":{"@id":"https:\/\/tomaszgrudzien.com\/pl\/skontaktuj-sie-ze-mna\/#breadcrumb"},"inLanguage":"pl-PL","potentialAction":[{"@type":"ReadAction","target":["https:\/\/tomaszgrudzien.com\/pl\/skontaktuj-sie-ze-mna\/"]}]},{"@type":"BreadcrumbList","@id":"https:\/\/tomaszgrudzien.com\/pl\/skontaktuj-sie-ze-mna\/#breadcrumb","itemListElement":[{"@type":"ListItem","position":1,"name":"Home","item":"https:\/\/tomaszgrudzien.com\/pl\/"},{"@type":"ListItem","position":2,"name":"Skontaktuj si\u0119 ze mn\u0105"}]},{"@type":"WebSite","@id":"https:\/\/tomaszgrudzien.com\/#website","url":"https:\/\/tomaszgrudzien.com\/","name":"Tomasz Grudzie\u0144","description":"Professional Polish-English Translator and Inerpreter","potentialAction":[{"@type":"SearchAction","target":{"@type":"EntryPoint","urlTemplate":"https:\/\/tomaszgrudzien.com\/?s={search_term_string}"},"query-input":{"@type":"PropertyValueSpecification","valueRequired":true,"valueName":"search_term_string"}}],"inLanguage":"pl-PL"}]}},"_links":{"self":[{"href":"https:\/\/tomaszgrudzien.com\/pl\/wp-json\/wp\/v2\/pages\/11933","targetHints":{"allow":["GET"]}}],"collection":[{"href":"https:\/\/tomaszgrudzien.com\/pl\/wp-json\/wp\/v2\/pages"}],"about":[{"href":"https:\/\/tomaszgrudzien.com\/pl\/wp-json\/wp\/v2\/types\/page"}],"author":[{"embeddable":true,"href":"https:\/\/tomaszgrudzien.com\/pl\/wp-json\/wp\/v2\/users\/1"}],"replies":[{"embeddable":true,"href":"https:\/\/tomaszgrudzien.com\/pl\/wp-json\/wp\/v2\/comments?post=11933"}],"version-history":[{"count":16,"href":"https:\/\/tomaszgrudzien.com\/pl\/wp-json\/wp\/v2\/pages\/11933\/revisions"}],"predecessor-version":[{"id":12410,"href":"https:\/\/tomaszgrudzien.com\/pl\/wp-json\/wp\/v2\/pages\/11933\/revisions\/12410"}],"wp:attachment":[{"href":"https:\/\/tomaszgrudzien.com\/pl\/wp-json\/wp\/v2\/media?parent=11933"}],"curies":[{"name":"wp","href":"https:\/\/api.w.org\/{rel}","templated":true}]}}